{"id":17758,"date":"2022-08-02T09:00:30","date_gmt":"2022-08-02T09:00:30","guid":{"rendered":"https:\/\/parabolas-argumentos.com\/?page_id=17758"},"modified":"2025-09-11T15:55:44","modified_gmt":"2025-09-11T15:55:44","slug":"about-us","status":"publish","type":"page","link":"https:\/\/parabolas-argumentos.com\/fr\/about-us\/","title":{"rendered":"\u00c0 propos de nous"},"content":{"rendered":"<div data-elementor-type=\"wp-page\" data-elementor-id=\"17758\" class=\"elementor elementor-17758\" data-elementor-post-type=\"page\">\n\t\t\t\t<div class=\"e-con-gap-no elementor-element elementor-element-66366c1 e-flex e-con-boxed sc_layouts_column_icons_position_left e-con e-parent\" data-id=\"66366c1\" data-element_type=\"container\" data-e-type=\"container\" data-settings=\"{&quot;background_background&quot;:&quot;classic&quot;}\">\n\t\t\t\t\t<div class=\"e-con-inner\">\n\t\t\t\t\t<\/div>\n\t\t\t\t<\/div>\n\t\t<div class=\"elementor-element elementor-element-3be705c e-flex e-con-boxed sc_layouts_column_icons_position_left e-con e-parent\" data-id=\"3be705c\" data-element_type=\"container\" data-e-type=\"container\" data-settings=\"{&quot;background_background&quot;:&quot;classic&quot;}\">\n\t\t\t\t\t<div class=\"e-con-inner\">\n\t\t<div class=\"e-con-gap-no elementor-element elementor-element-2d8cc15 e-con-full sc_layouts_hide_on_tablet sc_layouts_hide_on_mobile e-flex sc_layouts_column_icons_position_left e-con e-child\" data-id=\"2d8cc15\" data-element_type=\"container\" data-e-type=\"container\" data-settings=\"{&quot;background_background&quot;:&quot;classic&quot;}\">\n\t\t\t\t<\/div>\n\t\t<div class=\"elementor-element elementor-element-896592e e-con-full e-flex sc_layouts_column_icons_position_left e-con e-child\" data-id=\"896592e\" data-element_type=\"container\" data-e-type=\"container\" data-settings=\"{&quot;background_background&quot;:&quot;classic&quot;}\">\n\t\t\t\t<div class=\"elementor-element elementor-element-4e75929 elementor-widget__width-initial sc_fly_static elementor-widget elementor-widget-image\" data-id=\"4e75929\" data-element_type=\"widget\" data-e-type=\"widget\" data-widget_type=\"image.default\">\n\t\t\t\t<div class=\"elementor-widget-container\">\n\t\t\t\t\t\t\t\t\t\t\t\t\t\t\t<img fetchpriority=\"high\" decoding=\"async\" width=\"1024\" height=\"288\" src=\"https:\/\/parabolas-argumentos.com\/wp-content\/uploads\/2025\/08\/Parabolas-Logo-black-1024x288.webp\" class=\"attachment-large size-large wp-image-20308\" alt=\"\" srcset=\"https:\/\/parabolas-argumentos.com\/wp-content\/uploads\/2025\/08\/Parabolas-Logo-black-1024x288.webp 1024w, https:\/\/parabolas-argumentos.com\/wp-content\/uploads\/2025\/08\/Parabolas-Logo-black-300x84.webp 300w, https:\/\/parabolas-argumentos.com\/wp-content\/uploads\/2025\/08\/Parabolas-Logo-black-768x216.webp 768w, https:\/\/parabolas-argumentos.com\/wp-content\/uploads\/2025\/08\/Parabolas-Logo-black-1536x432.webp 1536w, https:\/\/parabolas-argumentos.com\/wp-content\/uploads\/2025\/08\/Parabolas-Logo-black-2048x575.webp 2048w, https:\/\/parabolas-argumentos.com\/wp-content\/uploads\/2025\/08\/Parabolas-Logo-black-370x104.webp 370w, https:\/\/parabolas-argumentos.com\/wp-content\/uploads\/2025\/08\/Parabolas-Logo-black-840x236.webp 840w, https:\/\/parabolas-argumentos.com\/wp-content\/uploads\/2025\/08\/Parabolas-Logo-black-410x115.webp 410w\" sizes=\"(max-width: 1024px) 100vw, 1024px\" title=\"\">\t\t\t\t\t\t\t\t\t\t\t\t\t\t\t<\/div>\n\t\t\t\t<\/div>\n\t\t\t\t<div class=\"elementor-element elementor-element-f1ab70a sc_fly_static elementor-widget elementor-widget-trx_sc_title\" data-id=\"f1ab70a\" data-element_type=\"widget\" data-e-type=\"widget\" data-widget_type=\"trx_sc_title.default\">\n\t\t\t\t<div class=\"elementor-widget-container\">\n\t\t\t\t\t<div\t\tclass=\"sc_title sc_title_default\" ><h1 class=\"sc_item_title sc_title_title sc_item_title_style_default sc_item_title_tag trx_addons_inline_459561188\"\n\t\t\t><span class=\"sc_item_title_text\">Qui <br>sommes-nous<\/span><\/h1><\/div>\t\t\t\t<\/div>\n\t\t\t\t<\/div>\n\t\t\t\t<div class=\"elementor-element elementor-element-4a4be0d elementor-widget-divider--view-line sc_fly_static elementor-widget elementor-widget-divider\" data-id=\"4a4be0d\" data-element_type=\"widget\" data-e-type=\"widget\" data-widget_type=\"divider.default\">\n\t\t\t\t<div class=\"elementor-widget-container\">\n\t\t\t\t\t\t\t<div class=\"elementor-divider\">\n\t\t\t<span class=\"elementor-divider-separator\">\n\t\t\t\t\t\t<\/span>\n\t\t<\/div>\n\t\t\t\t\t\t<\/div>\n\t\t\t\t<\/div>\n\t\t\t\t<div class=\"elementor-element elementor-element-f21d6b6 sc_fly_static elementor-widget elementor-widget-text-editor\" data-id=\"f21d6b6\" data-element_type=\"widget\" data-e-type=\"widget\" data-widget_type=\"text-editor.default\">\n\t\t\t\t<div class=\"elementor-widget-container\">\n\t\t\t\t\t\t\t\t\t<p data-start=\"146\" data-end=\"473\" class=\"translation-block\">Fond\u00e9e en 2017 \u00e0 Esposende, au Portugal, <strong data-start=\"\u00ab\" data-end=\"\u00ab\">Par\u00e1bolas &amp; Argumentos<\/strong> est une entreprise de production et d'exportation textile qui se consacre \u00e0 soutenir les marques de mode du monde entier. <br>Plus que de simples fabricants, nous sommes des partenaires strat\u00e9giques qui accompagnons chaque collection, de la conception \u00e0 la cr\u00e9ation, avec pr\u00e9cision, responsabilit\u00e9 et cr\u00e9ativit\u00e9.<\/p><p data-start=\"475\" data-end=\"774\" class=\"translation-block\">Ancr\u00e9s dans le savoir-faire artisanal du \u00ab Made in Portugal \u00bb, nous allions expertise technique et approche consciente afin de garantir des v\u00eatements qui refl\u00e8tent \u00e0 la fois qualit\u00e9 et fonctionnalit\u00e9.<\/p><p><em>Pour nous, la mode ne se r\u00e9sume pas \u00e0 la confection de v\u00eatements, mais consiste \u00e0 cr\u00e9er des histoires durables qui relient les personnes, les marques et la plan\u00e8te.<\/em><\/p>\t\t\t\t\t\t\t\t<\/div>\n\t\t\t\t<\/div>\n\t\t\t\t<\/div>\n\t\t\t\t\t<\/div>\n\t\t\t\t<\/div>\n\t\t<div class=\"e-con-gap-no elementor-element elementor-element-9ee0cdf e-con-full sc_layouts_hide_on_wide sc_layouts_hide_on_desktop sc_layouts_hide_on_notebook e-flex sc_layouts_column_icons_position_left e-con e-child\" data-id=\"9ee0cdf\" data-element_type=\"container\" data-e-type=\"container\" data-settings=\"{&quot;background_background&quot;:&quot;classic&quot;}\">\n\t\t\t\t<\/div>\n\t\t<div class=\"elementor-element elementor-element-ec3dbdb e-flex e-con-boxed sc_layouts_column_icons_position_left e-con e-parent\" data-id=\"ec3dbdb\" data-element_type=\"container\" data-e-type=\"container\" data-settings=\"{&quot;background_background&quot;:&quot;classic&quot;}\">\n\t\t\t\t\t<div class=\"e-con-inner\">\n\t\t\t\t<div class=\"elementor-element elementor-element-51a8253 sc_fly_static elementor-widget elementor-widget-spacer\" data-id=\"51a8253\" data-element_type=\"widget\" data-e-type=\"widget\" data-widget_type=\"spacer.default\">\n\t\t\t\t<div class=\"elementor-widget-container\">\n\t\t\t\t\t\t\t<div class=\"elementor-spacer\">\n\t\t\t<div class=\"elementor-spacer-inner\"><\/div>\n\t\t<\/div>\n\t\t\t\t\t\t<\/div>\n\t\t\t\t<\/div>\n\t\t\t\t<div class=\"elementor-element elementor-element-a14e8a6 sc_fly_static elementor-widget elementor-widget-heading\" data-id=\"a14e8a6\" data-element_type=\"widget\" data-e-type=\"widget\" data-widget_type=\"heading.default\">\n\t\t\t\t<div class=\"elementor-widget-container\">\n\t\t\t\t\t<h2 class=\"elementor-heading-title elementor-size-default translation-block\">\u00ab Nous ne nous contentons pas de d\u00e9velopper des produits.<br>\nNous contribuons \u00e0 fa\u00e7onner des r\u00e9cits honn\u00eates, responsables et con\u00e7us pour durer. \u00bb<\/h2>\t\t\t\t<\/div>\n\t\t\t\t<\/div>\n\t\t\t\t<div class=\"elementor-element elementor-element-feb75ed sc_fly_static elementor-widget elementor-widget-spacer\" data-id=\"feb75ed\" data-element_type=\"widget\" data-e-type=\"widget\" data-widget_type=\"spacer.default\">\n\t\t\t\t<div class=\"elementor-widget-container\">\n\t\t\t\t\t\t\t<div class=\"elementor-spacer\">\n\t\t\t<div class=\"elementor-spacer-inner\"><\/div>\n\t\t<\/div>\n\t\t\t\t\t\t<\/div>\n\t\t\t\t<\/div>\n\t\t\t\t\t<\/div>\n\t\t\t\t<\/div>\n\t\t<div class=\"e-con-with-custom-width elementor-element elementor-element-0b34d9c e-flex e-con-boxed sc_layouts_column_icons_position_left e-con e-parent\" data-id=\"0b34d9c\" data-element_type=\"container\" data-e-type=\"container\" data-settings=\"{&quot;background_background&quot;:&quot;classic&quot;}\">\n\t\t\t\t\t<div class=\"e-con-inner\">\n\t\t<div class=\"elementor-element elementor-element-b62ca03 e-con-full e-flex sc_layouts_column_icons_position_left e-con e-child\" data-id=\"b62ca03\" data-element_type=\"container\" data-e-type=\"container\">\n\t\t\t\t<div class=\"elementor-element elementor-element-43391bf sc_fly_static elementor-widget elementor-widget-trx_sc_title\" data-id=\"43391bf\" data-element_type=\"widget\" data-e-type=\"widget\" data-widget_type=\"trx_sc_title.default\">\n\t\t\t\t<div class=\"elementor-widget-container\">\n\t\t\t\t\t<div\t\tclass=\"sc_title sc_title_default\" ><h1 class=\"sc_item_title sc_title_title sc_align_center sc_item_title_style_default sc_item_title_tag trx_addons_inline_1031865054\"\n\t\t\t><span class=\"sc_item_title_text\">Mission et vision<\/span><\/h1><\/div>\t\t\t\t<\/div>\n\t\t\t\t<\/div>\n\t\t\t\t<div class=\"elementor-element elementor-element-615fbd5 elementor-widget-divider--view-line sc_fly_static elementor-widget elementor-widget-divider\" data-id=\"615fbd5\" data-element_type=\"widget\" data-e-type=\"widget\" data-widget_type=\"divider.default\">\n\t\t\t\t<div class=\"elementor-widget-container\">\n\t\t\t\t\t\t\t<div class=\"elementor-divider\">\n\t\t\t<span class=\"elementor-divider-separator\">\n\t\t\t\t\t\t<\/span>\n\t\t<\/div>\n\t\t\t\t\t\t<\/div>\n\t\t\t\t<\/div>\n\t\t<div class=\"elementor-element elementor-element-00ba19e e-con-full e-flex sc_layouts_column_icons_position_left e-con e-child\" data-id=\"00ba19e\" data-element_type=\"container\" data-e-type=\"container\">\n\t\t\t\t<div class=\"elementor-element elementor-element-dd031a6 elementor-widget__width-initial elementor-widget-mobile__width-inherit elementor-cta--skin-classic elementor-animated-content elementor-bg-transform elementor-bg-transform-zoom-in sc_fly_static elementor-widget elementor-widget-call-to-action\" data-id=\"dd031a6\" data-element_type=\"widget\" data-e-type=\"widget\" data-widget_type=\"call-to-action.default\">\n\t\t\t\t<div class=\"elementor-widget-container\">\n\t\t\t\t\t\t\t<div class=\"elementor-cta\">\n\t\t\t\t\t<div class=\"elementor-cta__bg-wrapper\">\n\t\t\t\t<div class=\"elementor-cta__bg elementor-bg\" style=\"background-image: url(https:\/\/parabolas-argumentos.com\/wp-content\/uploads\/2025\/08\/vision-parabolas-e-argumentos-779x1024.jpg);\" role=\"img\" aria-label=\"vision-parabolas-e-argumentos\"><\/div>\n\t\t\t\t<div class=\"elementor-cta__bg-overlay\"><\/div>\n\t\t\t<\/div>\n\t\t\t\t\t\t\t<div class=\"elementor-cta__content\">\n\t\t\t\t\n\t\t\t\t\t\t\t\t\t<h3 class=\"elementor-cta__title elementor-cta__content-item elementor-content-item\">\n\t\t\t\t\t\tMission\t\t\t\t\t<\/h3>\n\t\t\t\t\n\t\t\t\t\t\t\t\t\t<div class=\"elementor-cta__description elementor-cta__content-item elementor-content-item translation-block\">Nous accompagnons les marques de mode pour donner vie \u00e0 leurs id\u00e9es avec d\u00e9termination. <br>Chaque tissu que nous s\u00e9lectionnons, chaque couture que nous supervisons est choisi avec soin, transformant ainsi les collections en histoires empreintes de responsabilit\u00e9, de qualit\u00e9 et de sens.<\/div>\n\t\t\t\t\n\t\t\t\t\t\t\t<\/div>\n\t\t\t\t\t\t<\/div>\n\t\t\t\t\t\t<\/div>\n\t\t\t\t<\/div>\n\t\t\t\t<div class=\"elementor-element elementor-element-3aa4628 elementor-widget__width-initial elementor-widget-mobile__width-inherit elementor-cta--skin-classic elementor-animated-content elementor-bg-transform elementor-bg-transform-zoom-in sc_fly_static elementor-widget elementor-widget-call-to-action\" data-id=\"3aa4628\" data-element_type=\"widget\" data-e-type=\"widget\" data-widget_type=\"call-to-action.default\">\n\t\t\t\t<div class=\"elementor-widget-container\">\n\t\t\t\t\t\t\t<div class=\"elementor-cta\">\n\t\t\t\t\t<div class=\"elementor-cta__bg-wrapper\">\n\t\t\t\t<div class=\"elementor-cta__bg elementor-bg\" style=\"background-image: url(https:\/\/parabolas-argumentos.com\/wp-content\/uploads\/2025\/08\/mission-parabolas-e-argumentos-2-779x1024.jpg);\" role=\"img\" aria-label=\"mission-parabolas-e-argumentos-2\"><\/div>\n\t\t\t\t<div class=\"elementor-cta__bg-overlay\"><\/div>\n\t\t\t<\/div>\n\t\t\t\t\t\t\t<div class=\"elementor-cta__content\">\n\t\t\t\t\n\t\t\t\t\t\t\t\t\t<h2 class=\"elementor-cta__title elementor-cta__content-item elementor-content-item\">\n\t\t\t\t\t\tVision\t\t\t\t\t<\/h2>\n\t\t\t\t\n\t\t\t\t\t\t\t\t\t<div class=\"elementor-cta__description elementor-cta__content-item elementor-content-item translation-block\">Nous envisageons un avenir o\u00f9 les textiles respirent la cr\u00e9ativit\u00e9 et la conscience. <br>Un monde o\u00f9 l'artisanat portugais voyage loin, emportant avec lui l'innovation, la confiance et le respect des personnes et de la plan\u00e8te.<\/div>\n\t\t\t\t\n\t\t\t\t\t\t\t<\/div>\n\t\t\t\t\t\t<\/div>\n\t\t\t\t\t\t<\/div>\n\t\t\t\t<\/div>\n\t\t\t\t<\/div>\n\t\t\t\t<\/div>\n\t\t\t\t\t<\/div>\n\t\t\t\t<\/div>\n\t\t<div class=\"e-con-with-custom-width elementor-element elementor-element-1362fc1 e-flex e-con-boxed sc_layouts_column_icons_position_left e-con e-parent\" data-id=\"1362fc1\" data-element_type=\"container\" data-e-type=\"container\" data-settings=\"{&quot;background_background&quot;:&quot;classic&quot;}\">\n\t\t\t\t\t<div class=\"e-con-inner\">\n\t\t<div class=\"e-con-gap-no elementor-element elementor-element-8e6f5ca e-con-full sc_layouts_hide_on_tablet sc_layouts_hide_on_mobile e-flex sc_layouts_column_icons_position_left e-con e-child\" data-id=\"8e6f5ca\" data-element_type=\"container\" data-e-type=\"container\" data-settings=\"{&quot;background_background&quot;:&quot;classic&quot;}\">\n\t\t\t\t<\/div>\n\t\t<div class=\"elementor-element elementor-element-7063383 e-con-full e-flex sc_layouts_column_icons_position_left e-con e-child\" data-id=\"7063383\" data-element_type=\"container\" data-e-type=\"container\" data-settings=\"{&quot;background_background&quot;:&quot;classic&quot;}\">\n\t\t\t\t<div class=\"elementor-element elementor-element-806709d sc_layouts_hide_on_wide sc_layouts_hide_on_desktop sc_layouts_hide_on_notebook sc_fly_static elementor-widget elementor-widget-trx_sc_title\" data-id=\"806709d\" data-element_type=\"widget\" data-e-type=\"widget\" data-widget_type=\"trx_sc_title.default\">\n\t\t\t\t<div class=\"elementor-widget-container\">\n\t\t\t\t\t<div\t\tclass=\"sc_title sc_title_default\" ><h1 class=\"sc_item_title sc_title_title sc_align_center sc_item_title_style_default sc_item_title_tag trx_addons_inline_148358824\"\n\t\t\t><span class=\"sc_item_title_text\">Durabilit\u00e9 et engagement<\/span><\/h1><\/div>\t\t\t\t<\/div>\n\t\t\t\t<\/div>\n\t\t\t\t<div class=\"elementor-element elementor-element-ef1e2d2 sc_layouts_hide_on_tablet sc_layouts_hide_on_mobile sc_fly_static elementor-widget elementor-widget-trx_sc_title\" data-id=\"ef1e2d2\" data-element_type=\"widget\" data-e-type=\"widget\" data-widget_type=\"trx_sc_title.default\">\n\t\t\t\t<div class=\"elementor-widget-container\">\n\t\t\t\t\t<div\t\tclass=\"sc_title sc_title_default\" ><h1 class=\"sc_item_title sc_title_title sc_align_left sc_item_title_style_default sc_item_title_tag trx_addons_inline_1068829510\"\n\t\t\t><span class=\"sc_item_title_text\">Durabilit\u00e9 et engagement<\/span><\/h1><\/div>\t\t\t\t<\/div>\n\t\t\t\t<\/div>\n\t\t\t\t<div class=\"elementor-element elementor-element-dd9b3d6 elementor-widget-divider--view-line sc_fly_static elementor-widget elementor-widget-divider\" data-id=\"dd9b3d6\" data-element_type=\"widget\" data-e-type=\"widget\" data-widget_type=\"divider.default\">\n\t\t\t\t<div class=\"elementor-widget-container\">\n\t\t\t\t\t\t\t<div class=\"elementor-divider\">\n\t\t\t<span class=\"elementor-divider-separator\">\n\t\t\t\t\t\t<\/span>\n\t\t<\/div>\n\t\t\t\t\t\t<\/div>\n\t\t\t\t<\/div>\n\t\t\t\t<div class=\"elementor-element elementor-element-45cf93b sc_fly_static elementor-widget elementor-widget-text-editor\" data-id=\"45cf93b\" data-element_type=\"widget\" data-e-type=\"widget\" data-widget_type=\"text-editor.default\">\n\t\t\t\t<div class=\"elementor-widget-container\">\n\t\t\t\t\t\t\t\t\t<p data-start=\"146\" data-end=\"473\" class=\"translation-block\">Pour nous, la durabilit\u00e9 n'est pas un choix, c'est une responsabilit\u00e9. <br>Chaque tissu, chaque processus et chaque partenariat est guid\u00e9 par le soin et le respect : pour les personnes, pour l'artisanat portugais et pour la plan\u00e8te.<\/p><p>Nous pensons que la mode doit \u00e9voluer sans laisser d'empreinte n\u00e9faste, en cr\u00e9ant des v\u00eatements \u00e0 la fois beaux et responsables.<\/p><p data-start=\"901\" data-end=\"1086\" class=\"translation-block\">Notre approche commence par les mati\u00e8res : coton biologique, fibres certifi\u00e9es, textiles recycl\u00e9s et innovations telles que le fil <strong data-start=\"\u00ab\" data-end=\"\u00ab\">SEAQUAL\u00ae<\/strong>, fabriqu\u00e9 \u00e0 partir de d\u00e9chets plastiques marins.<\/p><p data-start=\"1088\" data-end=\"1242\">Cela se poursuit \u00e0 travers diff\u00e9rents processus : collaboration avec des partenaires \u00e9thiques, garantie d'une tra\u00e7abilit\u00e9 totale et suivi pr\u00e9cis de chaque \u00e9tape de la production.<\/p><p data-start=\"1244\" data-end=\"1416\">Et cela s'\u00e9tend \u00e0 la vision : exporter le savoir-faire portugais vers les marques de mode du monde entier, prouvant que la durabilit\u00e9, l'innovation et le design intemporel peuvent \u2014 et doivent \u2014 coexister.<\/p>\t\t\t\t\t\t\t\t<\/div>\n\t\t\t\t<\/div>\n\t\t<div class=\"e-con-gap-no elementor-element elementor-element-bc24b99 e-con-full sc_layouts_hide_on_wide sc_layouts_hide_on_desktop sc_layouts_hide_on_notebook e-flex sc_layouts_column_icons_position_left e-con e-child\" data-id=\"bc24b99\" data-element_type=\"container\" data-e-type=\"container\" data-settings=\"{&quot;background_background&quot;:&quot;classic&quot;}\">\n\t\t\t\t<\/div>\n\t\t\t\t<\/div>\n\t\t\t\t\t<\/div>\n\t\t\t\t<\/div>\n\t\t<div class=\"e-con-with-custom-width elementor-element elementor-element-4072528 e-flex e-con-boxed sc_layouts_column_icons_position_left e-con e-parent\" data-id=\"4072528\" data-element_type=\"container\" data-e-type=\"container\" data-settings=\"{&quot;background_background&quot;:&quot;classic&quot;}\">\n\t\t\t\t\t<div class=\"e-con-inner\">\n\t\t<div class=\"elementor-element elementor-element-c06a571 e-con-full e-flex sc_layouts_column_icons_position_left e-con e-child\" data-id=\"c06a571\" data-element_type=\"container\" data-e-type=\"container\" data-settings=\"{&quot;background_background&quot;:&quot;classic&quot;}\">\n\t\t\t\t<div class=\"elementor-element elementor-element-87b979f sc_fly_static elementor-widget elementor-widget-heading\" data-id=\"87b979f\" data-element_type=\"widget\" data-e-type=\"widget\" data-widget_type=\"heading.default\">\n\t\t\t\t<div class=\"elementor-widget-container\">\n\t\t\t\t\t<h2 class=\"elementor-heading-title elementor-size-default\">Cr\u00e9ons ensemble.<\/h2>\t\t\t\t<\/div>\n\t\t\t\t<\/div>\n\t\t\t\t<div class=\"elementor-element elementor-element-84488b8 elementor-widget__width-initial sc_fly_static elementor-widget elementor-widget-text-editor\" data-id=\"84488b8\" data-element_type=\"widget\" data-e-type=\"widget\" data-widget_type=\"text-editor.default\">\n\t\t\t\t<div class=\"elementor-widget-container\">\n\t\t\t\t\t\t\t\t\t<p>Collaborez avec nous pour cr\u00e9er des collections qui allient utilit\u00e9, qualit\u00e9 et responsabilit\u00e9.<\/p>\t\t\t\t\t\t\t\t<\/div>\n\t\t\t\t<\/div>\n\t\t\t\t<div class=\"elementor-element elementor-element-a0ba16e sc_fly_static elementor-widget elementor-widget-button\" data-id=\"a0ba16e\" data-element_type=\"widget\" data-e-type=\"widget\" data-widget_type=\"button.default\">\n\t\t\t\t<div class=\"elementor-widget-container\">\n\t\t\t\t\t\t\t\t\t<div class=\"elementor-button-wrapper\">\n\t\t\t\t\t<a class=\"elementor-button elementor-button-link elementor-size-sm\" href=\"https:\/\/parabolas-argumentos.com\/fr\/contactos-parabolas-argumentos\/\">\n\t\t\t\t\t\t<span class=\"elementor-button-content-wrapper\">\n\t\t\t\t\t\t\t\t\t<span class=\"elementor-button-text\">Contactez-nous<\/span>\n\t\t\t\t\t<\/span>\n\t\t\t\t\t<\/a>\n\t\t\t\t<\/div>\n\t\t\t\t\t\t\t\t<\/div>\n\t\t\t\t<\/div>\n\t\t\t\t<\/div>\n\t\t\t\t\t<\/div>\n\t\t\t\t<\/div>\n\t\t\t\t<\/div>","protected":false},"excerpt":{"rendered":"<p>Who We Are Founded in 2017 in Esposende, Portugal, Par\u00e1bolas &amp; Argumentos is a textile production and export company dedicated to supporting fashion brands worldwide. More than manufacturers, we are&hellip;<\/p>","protected":false},"author":1,"featured_media":0,"parent":0,"menu_order":0,"comment_status":"closed","ping_status":"closed","template":"","meta":{"footnotes":""},"class_list":["post-17758","page","type-page","status-publish","hentry"],"_links":{"self":[{"href":"https:\/\/parabolas-argumentos.com\/fr\/wp-json\/wp\/v2\/pages\/17758","targetHints":{"allow":["GET"]}}],"collection":[{"href":"https:\/\/parabolas-argumentos.com\/fr\/wp-json\/wp\/v2\/pages"}],"about":[{"href":"https:\/\/parabolas-argumentos.com\/fr\/wp-json\/wp\/v2\/types\/page"}],"author":[{"embeddable":true,"href":"https:\/\/parabolas-argumentos.com\/fr\/wp-json\/wp\/v2\/users\/1"}],"replies":[{"embeddable":true,"href":"https:\/\/parabolas-argumentos.com\/fr\/wp-json\/wp\/v2\/comments?post=17758"}],"version-history":[{"count":286,"href":"https:\/\/parabolas-argumentos.com\/fr\/wp-json\/wp\/v2\/pages\/17758\/revisions"}],"predecessor-version":[{"id":22056,"href":"https:\/\/parabolas-argumentos.com\/fr\/wp-json\/wp\/v2\/pages\/17758\/revisions\/22056"}],"wp:attachment":[{"href":"https:\/\/parabolas-argumentos.com\/fr\/wp-json\/wp\/v2\/media?parent=17758"}],"curies":[{"name":"wp","href":"https:\/\/api.w.org\/{rel}","templated":true}]}}