{"id":21032,"date":"2025-08-26T17:31:23","date_gmt":"2025-08-26T17:31:23","guid":{"rendered":"https:\/\/parabolas-argumentos.com\/?page_id=21032"},"modified":"2025-09-11T11:47:16","modified_gmt":"2025-09-11T11:47:16","slug":"textile-consulting","status":"publish","type":"page","link":"https:\/\/parabolas-argumentos.com\/fr\/textile-consulting\/","title":{"rendered":"Conseil Textile"},"content":{"rendered":"<div data-elementor-type=\"wp-page\" data-elementor-id=\"21032\" class=\"elementor elementor-21032\" data-elementor-post-type=\"page\">\n\t\t\t\t<div class=\"e-con-with-custom-width elementor-element elementor-element-f5facde e-flex e-con-boxed sc_layouts_column_icons_position_left e-con e-parent\" data-id=\"f5facde\" data-element_type=\"container\" data-e-type=\"container\" data-settings=\"{&quot;background_background&quot;:&quot;classic&quot;}\">\n\t\t\t\t\t<div class=\"e-con-inner\">\n\t\t<div class=\"elementor-element elementor-element-1ac1151 e-con-full e-flex sc_layouts_column_icons_position_left e-con e-child\" data-id=\"1ac1151\" data-element_type=\"container\" data-e-type=\"container\" data-settings=\"{&quot;background_background&quot;:&quot;classic&quot;}\">\n\t\t\t\t<div class=\"elementor-element elementor-element-1dfe36c sc_fly_static elementor-widget elementor-widget-heading\" data-id=\"1dfe36c\" data-element_type=\"widget\" data-e-type=\"widget\" data-widget_type=\"heading.default\">\n\t\t\t\t<div class=\"elementor-widget-container\">\n\t\t\t\t\t<h2 class=\"elementor-heading-title elementor-size-default\">Accompagner les marques de mode avec savoir-faire, strat\u00e9gie et attention.<\/h2>\t\t\t\t<\/div>\n\t\t\t\t<\/div>\n\t\t\t\t<\/div>\n\t\t\t\t\t<\/div>\n\t\t\t\t<\/div>\n\t\t\t\t<section class=\"elementor-section elementor-top-section elementor-element elementor-element-2c4b099 elementor-section-full_width scheme_default elementor-section-height-default elementor-section-height-default sc_fly_static\" data-id=\"2c4b099\" data-element_type=\"section\" data-e-type=\"section\">\n\t\t\t\t\t\t<div class=\"elementor-container elementor-column-gap-extended\">\n\t\t\t\t\t<div class=\"elementor-column elementor-col-100 elementor-top-column elementor-element elementor-element-097b647 sc_content_align_inherit sc_layouts_column_icons_position_left sc_fly_static\" data-id=\"097b647\" data-element_type=\"column\" data-e-type=\"column\">\n\t\t\t<div class=\"elementor-widget-wrap elementor-element-populated\">\n\t\t\t\t\t\t<div class=\"elementor-element elementor-element-98d4c37 sc_height_huge sc_fly_static elementor-widget elementor-widget-spacer\" data-id=\"98d4c37\" data-element_type=\"widget\" data-e-type=\"widget\" data-widget_type=\"spacer.default\">\n\t\t\t\t<div class=\"elementor-widget-container\">\n\t\t\t\t\t\t\t<div class=\"elementor-spacer\">\n\t\t\t<div class=\"elementor-spacer-inner\"><\/div>\n\t\t<\/div>\n\t\t\t\t\t\t<\/div>\n\t\t\t\t<\/div>\n\t\t\t\t<div class=\"elementor-element elementor-element-dd02cc9 sc_fly_static elementor-widget elementor-widget-trx_sc_layouts_title\" data-id=\"dd02cc9\" data-element_type=\"widget\" data-e-type=\"widget\" data-widget_type=\"trx_sc_layouts_title.default\">\n\t\t\t\t<div class=\"elementor-widget-container\">\n\t\t\t\t\t<div class=\"sc_layouts_title sc_align_center with_content without_image without_tint\" ><div class=\"sc_layouts_title_content\"><div class=\"sc_layouts_title_title\"><h1 class=\"sc_layouts_title_caption\">Conseil Textile<\/h1><\/div><\/div><\/div>\t\t\t\t<\/div>\n\t\t\t\t<\/div>\n\t\t\t\t<div class=\"elementor-element elementor-element-7c8a247 sc_layouts_hide_on_mobile sc_fly_static elementor-widget elementor-widget-spacer\" data-id=\"7c8a247\" data-element_type=\"widget\" data-e-type=\"widget\" data-widget_type=\"spacer.default\">\n\t\t\t\t<div class=\"elementor-widget-container\">\n\t\t\t\t\t\t\t<div class=\"elementor-spacer\">\n\t\t\t<div class=\"elementor-spacer-inner\"><\/div>\n\t\t<\/div>\n\t\t\t\t\t\t<\/div>\n\t\t\t\t<\/div>\n\t\t\t\t<div class=\"elementor-element elementor-element-fcea9ab elementor-view-default sc_fly_static elementor-widget elementor-widget-icon\" data-id=\"fcea9ab\" data-element_type=\"widget\" data-e-type=\"widget\" data-widget_type=\"icon.default\">\n\t\t\t\t<div class=\"elementor-widget-container\">\n\t\t\t\t\t\t\t<div class=\"elementor-icon-wrapper\">\n\t\t\t<div class=\"elementor-icon\">\n\t\t\t<svg xmlns=\"http:\/\/www.w3.org\/2000\/svg\" width=\"14.626\" height=\"8.639\" viewbox=\"0 0 14.626 8.639\"><g id=\"down-arrow\" transform=\"translate(0 -70.698)\"><g id=\"Group_8820\" data-name=\"Group 8820\" transform=\"translate(0 100.698)\"><path id=\"Path_6507\" data-name=\"Path 6507\" d=\"M14.392,101.42l-.479-.482a.8.8,0,0,0-1.132,0L7.316,106.4l-5.472-5.472a.8.8,0,0,0-1.132,0l-.479.479a.8.8,0,0,0,0,1.131l6.515,6.538a.818.818,0,0,0,.567.257h0a.818.818,0,0,0,.566-.257l6.508-6.52a.808.808,0,0,0,.234-.571A.8.8,0,0,0,14.392,101.42Z\" transform=\"translate(0 -130.698)\"><\/path><\/g><\/g><\/svg>\t\t\t<\/div>\n\t\t<\/div>\n\t\t\t\t\t\t<\/div>\n\t\t\t\t<\/div>\n\t\t\t\t\t<\/div>\n\t\t<\/div>\n\t\t\t\t\t<\/div>\n\t\t<\/section>\n\t\t<div class=\"e-con-with-custom-width e-con-gap-no elementor-element elementor-element-ba27563 e-flex e-con-boxed sc_layouts_column_icons_position_left e-con e-parent\" data-id=\"ba27563\" data-element_type=\"container\" data-e-type=\"container\" data-settings=\"{&quot;background_background&quot;:&quot;classic&quot;}\">\n\t\t\t\t\t<div class=\"e-con-inner\">\n\t\t<div class=\"e-con-gap-no elementor-element elementor-element-6d895ae e-con-full e-flex sc_layouts_column_icons_position_left e-con e-child\" data-id=\"6d895ae\" data-element_type=\"container\" data-e-type=\"container\" data-settings=\"{&quot;background_background&quot;:&quot;classic&quot;}\">\n\t\t\t\t<\/div>\n\t\t<div class=\"elementor-element elementor-element-77741d4 e-con-full e-flex sc_layouts_column_icons_position_left e-con e-child\" data-id=\"77741d4\" data-element_type=\"container\" data-e-type=\"container\" data-settings=\"{&quot;background_background&quot;:&quot;classic&quot;}\">\n\t\t\t\t<div class=\"elementor-element elementor-element-49c1b4a elementor-widget__width-initial elementor-widget-mobile__width-inherit sc_fly_static elementor-widget elementor-widget-image\" data-id=\"49c1b4a\" data-element_type=\"widget\" data-e-type=\"widget\" data-widget_type=\"image.default\">\n\t\t\t\t<div class=\"elementor-widget-container\">\n\t\t\t\t\t\t\t\t\t\t\t\t\t\t\t<img fetchpriority=\"high\" decoding=\"async\" width=\"1024\" height=\"288\" src=\"https:\/\/parabolas-argumentos.com\/wp-content\/uploads\/2025\/08\/Parabolas-Logo-black-1024x288.webp\" class=\"attachment-large size-large wp-image-20308\" alt=\"\" srcset=\"https:\/\/parabolas-argumentos.com\/wp-content\/uploads\/2025\/08\/Parabolas-Logo-black-1024x288.webp 1024w, https:\/\/parabolas-argumentos.com\/wp-content\/uploads\/2025\/08\/Parabolas-Logo-black-300x84.webp 300w, https:\/\/parabolas-argumentos.com\/wp-content\/uploads\/2025\/08\/Parabolas-Logo-black-768x216.webp 768w, https:\/\/parabolas-argumentos.com\/wp-content\/uploads\/2025\/08\/Parabolas-Logo-black-1536x432.webp 1536w, https:\/\/parabolas-argumentos.com\/wp-content\/uploads\/2025\/08\/Parabolas-Logo-black-2048x575.webp 2048w, https:\/\/parabolas-argumentos.com\/wp-content\/uploads\/2025\/08\/Parabolas-Logo-black-370x104.webp 370w, https:\/\/parabolas-argumentos.com\/wp-content\/uploads\/2025\/08\/Parabolas-Logo-black-840x236.webp 840w, https:\/\/parabolas-argumentos.com\/wp-content\/uploads\/2025\/08\/Parabolas-Logo-black-410x115.webp 410w\" sizes=\"(max-width: 1024px) 100vw, 1024px\" title=\"\">\t\t\t\t\t\t\t\t\t\t\t\t\t\t\t<\/div>\n\t\t\t\t<\/div>\n\t\t\t\t<div class=\"elementor-element elementor-element-d1f6afd sc_layouts_hide_on_tablet sc_layouts_hide_on_mobile sc_fly_static elementor-widget elementor-widget-trx_sc_title\" data-id=\"d1f6afd\" data-element_type=\"widget\" data-e-type=\"widget\" data-widget_type=\"trx_sc_title.default\">\n\t\t\t\t<div class=\"elementor-widget-container\">\n\t\t\t\t\t<div\t\tclass=\"sc_title sc_title_default\" ><h1 class=\"sc_item_title sc_title_title sc_item_title_style_default sc_item_title_tag trx_addons_inline_1291128458\"\n\t\t\t><span class=\"sc_item_title_text\">Conseil Textile<\/span><\/h1><\/div>\t\t\t\t<\/div>\n\t\t\t\t<\/div>\n\t\t\t\t<div class=\"elementor-element elementor-element-49717df sc_layouts_hide_on_wide sc_layouts_hide_on_desktop sc_layouts_hide_on_notebook sc_fly_static elementor-widget elementor-widget-trx_sc_title\" data-id=\"49717df\" data-element_type=\"widget\" data-e-type=\"widget\" data-widget_type=\"trx_sc_title.default\">\n\t\t\t\t<div class=\"elementor-widget-container\">\n\t\t\t\t\t<div\t\tclass=\"sc_title sc_title_default\" ><h1 class=\"sc_item_title sc_title_title sc_align_center sc_item_title_style_default sc_item_title_tag trx_addons_inline_292497974\"\n\t\t\t><span class=\"sc_item_title_text\">Conseil Textile<\/span><\/h1><\/div>\t\t\t\t<\/div>\n\t\t\t\t<\/div>\n\t\t\t\t<div class=\"elementor-element elementor-element-a776307 elementor-widget-divider--view-line sc_fly_static elementor-widget elementor-widget-divider\" data-id=\"a776307\" data-element_type=\"widget\" data-e-type=\"widget\" data-widget_type=\"divider.default\">\n\t\t\t\t<div class=\"elementor-widget-container\">\n\t\t\t\t\t\t\t<div class=\"elementor-divider\">\n\t\t\t<span class=\"elementor-divider-separator\">\n\t\t\t\t\t\t<\/span>\n\t\t<\/div>\n\t\t\t\t\t\t<\/div>\n\t\t\t\t<\/div>\n\t\t\t\t<div class=\"elementor-element elementor-element-08ea2ef elementor-widget__width-initial sc_fly_static elementor-widget elementor-widget-text-editor\" data-id=\"08ea2ef\" data-element_type=\"widget\" data-e-type=\"widget\" data-widget_type=\"text-editor.default\">\n\t\t\t\t<div class=\"elementor-widget-container\">\n\t\t\t\t\t\t\t\t\t<p data-start=\"561\" data-end=\"878\">Chez Par\u00e1bolas &amp; Argumentos, le conseil ne se limite pas \u00e0 donner des avis : il s'agit d'accompagner les marques de mode avec savoir-faire, strat\u00e9gie et pr\u00e9cision. <br \/><br \/>Nous analysons, guidons et optimisons chaque \u00e9tape de la production textile afin que chaque collection soit non seulement belle, mais aussi durable, efficace et pr\u00eate \u00e0 \u00eatre commercialis\u00e9e sur les march\u00e9s internationaux.<\/p><p data-start=\"880\" data-end=\"1136\">Notre service de conseil est con\u00e7u pour aider les marques \u00e0 \u00e9viter des erreurs co\u00fbteuses, \u00e0 identifier les bons fournisseurs et \u00e0 faire des choix \u00e9clair\u00e9s en mati\u00e8re de tissus, de processus et de d\u00e9lais.<br \/><br \/>\u00a0Gr\u00e2ce \u00e0 notre expertise, la cr\u00e9ativit\u00e9 va de pair avec la responsabilit\u00e9 et l'innovation avec le sens pratique.<\/p>\t\t\t\t\t\t\t\t<\/div>\n\t\t\t\t<\/div>\n\t\t\t\t<\/div>\n\t\t\t\t\t<\/div>\n\t\t\t\t<\/div>\n\t\t<div class=\"e-con-with-custom-width elementor-element elementor-element-113fd8b e-flex e-con-boxed sc_layouts_column_icons_position_left e-con e-parent\" data-id=\"113fd8b\" data-element_type=\"container\" data-e-type=\"container\" data-settings=\"{&quot;background_background&quot;:&quot;classic&quot;}\">\n\t\t\t\t\t<div class=\"e-con-inner\">\n\t\t<div class=\"e-con-gap-no elementor-element elementor-element-cde517d e-con-full e-flex sc_layouts_column_icons_position_left e-con e-child\" data-id=\"cde517d\" data-element_type=\"container\" data-e-type=\"container\" data-settings=\"{&quot;background_background&quot;:&quot;classic&quot;}\">\n\t\t\t\t<\/div>\n\t\t<div class=\"elementor-element elementor-element-a7d8fcf e-con-full e-flex sc_layouts_column_icons_position_left e-con e-child\" data-id=\"a7d8fcf\" data-element_type=\"container\" data-e-type=\"container\">\n\t\t<div class=\"elementor-element elementor-element-62a884b e-con-full e-flex sc_layouts_column_icons_position_left e-con e-child\" data-id=\"62a884b\" data-element_type=\"container\" data-e-type=\"container\">\n\t\t\t\t<div class=\"elementor-element elementor-element-fe792bb sc_layouts_hide_on_tablet sc_layouts_hide_on_mobile sc_fly_static elementor-widget elementor-widget-trx_sc_title\" data-id=\"fe792bb\" data-element_type=\"widget\" data-e-type=\"widget\" data-widget_type=\"trx_sc_title.default\">\n\t\t\t\t<div class=\"elementor-widget-container\">\n\t\t\t\t\t<div\t\tclass=\"sc_title sc_title_default\" ><h1 class=\"sc_item_title sc_title_title sc_item_title_style_default sc_item_title_tag trx_addons_inline_843647773\"\n\t\t\t><span class=\"sc_item_title_text\">Les niveaux du conseil<\/span><\/h1><\/div>\t\t\t\t<\/div>\n\t\t\t\t<\/div>\n\t\t\t\t<div class=\"elementor-element elementor-element-a41362e sc_layouts_hide_on_wide sc_layouts_hide_on_desktop sc_layouts_hide_on_notebook sc_fly_static elementor-widget elementor-widget-trx_sc_title\" data-id=\"a41362e\" data-element_type=\"widget\" data-e-type=\"widget\" data-widget_type=\"trx_sc_title.default\">\n\t\t\t\t<div class=\"elementor-widget-container\">\n\t\t\t\t\t<div\t\tclass=\"sc_title sc_title_default\" ><h1 class=\"sc_item_title sc_title_title sc_align_center sc_item_title_style_default sc_item_title_tag trx_addons_inline_1132768961\"\n\t\t\t><span class=\"sc_item_title_text\">Les niveaux du conseil<\/span><\/h1><\/div>\t\t\t\t<\/div>\n\t\t\t\t<\/div>\n\t\t\t\t<div class=\"elementor-element elementor-element-1bebff9 elementor-widget-divider--view-line sc_fly_static elementor-widget elementor-widget-divider\" data-id=\"1bebff9\" data-element_type=\"widget\" data-e-type=\"widget\" data-widget_type=\"divider.default\">\n\t\t\t\t<div class=\"elementor-widget-container\">\n\t\t\t\t\t\t\t<div class=\"elementor-divider\">\n\t\t\t<span class=\"elementor-divider-separator\">\n\t\t\t\t\t\t<\/span>\n\t\t<\/div>\n\t\t\t\t\t\t<\/div>\n\t\t\t\t<\/div>\n\t\t\t\t<\/div>\n\t\t<div class=\"elementor-element elementor-element-7257424 e-con-full e-flex sc_layouts_column_icons_position_left e-con e-child\" data-id=\"7257424\" data-element_type=\"container\" data-e-type=\"container\">\n\t\t\t\t<div class=\"elementor-element elementor-element-dc327d2 sc_fly_static elementor-widget elementor-widget-heading\" data-id=\"dc327d2\" data-element_type=\"widget\" data-e-type=\"widget\" data-widget_type=\"heading.default\">\n\t\t\t\t<div class=\"elementor-widget-container\">\n\t\t\t\t\t<h5 class=\"elementor-heading-title elementor-size-default\"><span style=\"font-weight: 400;color: ##A3AF9C;margin-right: 15px\">01.<\/span>Analyse du march\u00e9<\/h5>\t\t\t\t<\/div>\n\t\t\t\t<\/div>\n\t\t\t\t<div class=\"elementor-element elementor-element-1763e18 elementor-widget__width-initial sc_fly_static elementor-widget elementor-widget-text-editor\" data-id=\"1763e18\" data-element_type=\"widget\" data-e-type=\"widget\" data-widget_type=\"text-editor.default\">\n\t\t\t\t<div class=\"elementor-widget-container\">\n\t\t\t\t\t\t\t\t\t<p data-start=\"319\" data-end=\"508\">Comprendre les tendances, les demandes et les opportunit\u00e9s dans l'industrie de la mode.<\/p>\t\t\t\t\t\t\t\t<\/div>\n\t\t\t\t<\/div>\n\t\t\t\t<div class=\"elementor-element elementor-element-be79d22 sc_height_tiny elementor-widget-divider--view-line sc_fly_static elementor-widget elementor-widget-divider\" data-id=\"be79d22\" data-element_type=\"widget\" data-e-type=\"widget\" data-widget_type=\"divider.default\">\n\t\t\t\t<div class=\"elementor-widget-container\">\n\t\t\t\t\t\t\t<div class=\"elementor-divider\">\n\t\t\t<span class=\"elementor-divider-separator\">\n\t\t\t\t\t\t<\/span>\n\t\t<\/div>\n\t\t\t\t\t\t<\/div>\n\t\t\t\t<\/div>\n\t\t\t\t<div class=\"elementor-element elementor-element-7b9ebf0 sc_fly_static elementor-widget elementor-widget-heading\" data-id=\"7b9ebf0\" data-element_type=\"widget\" data-e-type=\"widget\" data-widget_type=\"heading.default\">\n\t\t\t\t<div class=\"elementor-widget-container\">\n\t\t\t\t\t<h5 class=\"elementor-heading-title elementor-size-default\"><span style=\"font-weight: 400;margin-right: 15px\">02.<\/span>Diagnostic du produit<\/h5>\t\t\t\t<\/div>\n\t\t\t\t<\/div>\n\t\t\t\t<div class=\"elementor-element elementor-element-3f9f806 elementor-widget__width-initial sc_fly_static elementor-widget elementor-widget-text-editor\" data-id=\"3f9f806\" data-element_type=\"widget\" data-e-type=\"widget\" data-widget_type=\"text-editor.default\">\n\t\t\t\t<div class=\"elementor-widget-container\">\n\t\t\t\t\t\t\t\t\t<p data-start=\"319\" data-end=\"508\">Identifier les erreurs ou les faiblesses dans les produits et processus existants.<\/p>\t\t\t\t\t\t\t\t<\/div>\n\t\t\t\t<\/div>\n\t\t\t\t<div class=\"elementor-element elementor-element-548b67d sc_height_tiny elementor-widget-divider--view-line sc_fly_static elementor-widget elementor-widget-divider\" data-id=\"548b67d\" data-element_type=\"widget\" data-e-type=\"widget\" data-widget_type=\"divider.default\">\n\t\t\t\t<div class=\"elementor-widget-container\">\n\t\t\t\t\t\t\t<div class=\"elementor-divider\">\n\t\t\t<span class=\"elementor-divider-separator\">\n\t\t\t\t\t\t<\/span>\n\t\t<\/div>\n\t\t\t\t\t\t<\/div>\n\t\t\t\t<\/div>\n\t\t\t\t<div class=\"elementor-element elementor-element-8eb3183 sc_fly_static elementor-widget elementor-widget-heading\" data-id=\"8eb3183\" data-element_type=\"widget\" data-e-type=\"widget\" data-widget_type=\"heading.default\">\n\t\t\t\t<div class=\"elementor-widget-container\">\n\t\t\t\t\t<h5 class=\"elementor-heading-title elementor-size-default\"><span style=\"font-weight: 400;margin-right: 15px\">03.<\/span>Strat\u00e9gie de production<\/h5>\t\t\t\t<\/div>\n\t\t\t\t<\/div>\n\t\t\t\t<div class=\"elementor-element elementor-element-0eed156 elementor-widget__width-initial sc_fly_static elementor-widget elementor-widget-text-editor\" data-id=\"0eed156\" data-element_type=\"widget\" data-e-type=\"widget\" data-widget_type=\"text-editor.default\">\n\t\t\t\t<div class=\"elementor-widget-container\">\n\t\t\t\t\t\t\t\t\t<p data-start=\"319\" data-end=\"508\">Recherche de mat\u00e9riaux, fournisseurs, technologies, calendriers et budgets afin d'optimiser les r\u00e9sultats.<\/p>\t\t\t\t\t\t\t\t<\/div>\n\t\t\t\t<\/div>\n\t\t\t\t<div class=\"elementor-element elementor-element-f3122b7 sc_height_tiny elementor-widget-divider--view-line sc_fly_static elementor-widget elementor-widget-divider\" data-id=\"f3122b7\" data-element_type=\"widget\" data-e-type=\"widget\" data-widget_type=\"divider.default\">\n\t\t\t\t<div class=\"elementor-widget-container\">\n\t\t\t\t\t\t\t<div class=\"elementor-divider\">\n\t\t\t<span class=\"elementor-divider-separator\">\n\t\t\t\t\t\t<\/span>\n\t\t<\/div>\n\t\t\t\t\t\t<\/div>\n\t\t\t\t<\/div>\n\t\t\t\t<div class=\"elementor-element elementor-element-cf5139f sc_fly_static elementor-widget elementor-widget-heading\" data-id=\"cf5139f\" data-element_type=\"widget\" data-e-type=\"widget\" data-widget_type=\"heading.default\">\n\t\t\t\t<div class=\"elementor-widget-container\">\n\t\t\t\t\t<h5 class=\"elementor-heading-title elementor-size-default\"><span style=\"font-weight: 400;margin-right: 15px\">04.<\/span>Innovation et responsabilit\u00e9<\/h5>\t\t\t\t<\/div>\n\t\t\t\t<\/div>\n\t\t\t\t<div class=\"elementor-element elementor-element-c12418b elementor-widget__width-initial sc_fly_static elementor-widget elementor-widget-text-editor\" data-id=\"c12418b\" data-element_type=\"widget\" data-e-type=\"widget\" data-widget_type=\"text-editor.default\">\n\t\t\t\t<div class=\"elementor-widget-container\">\n\t\t\t\t\t\t\t\t\t<p data-start=\"319\" data-end=\"508\">Recommander des tissus durables et des processus responsables qui correspondent aux valeurs de la marque.<\/p>\t\t\t\t\t\t\t\t<\/div>\n\t\t\t\t<\/div>\n\t\t\t\t<div class=\"elementor-element elementor-element-58392d8 sc_height_tiny elementor-widget-divider--view-line sc_fly_static elementor-widget elementor-widget-divider\" data-id=\"58392d8\" data-element_type=\"widget\" data-e-type=\"widget\" data-widget_type=\"divider.default\">\n\t\t\t\t<div class=\"elementor-widget-container\">\n\t\t\t\t\t\t\t<div class=\"elementor-divider\">\n\t\t\t<span class=\"elementor-divider-separator\">\n\t\t\t\t\t\t<\/span>\n\t\t<\/div>\n\t\t\t\t\t\t<\/div>\n\t\t\t\t<\/div>\n\t\t\t\t<\/div>\n\t\t\t\t<\/div>\n\t\t\t\t\t<\/div>\n\t\t\t\t<\/div>\n\t\t<div class=\"elementor-element elementor-element-8ff78ea e-flex e-con-boxed sc_layouts_column_icons_position_left e-con e-parent\" data-id=\"8ff78ea\" data-element_type=\"container\" data-e-type=\"container\">\n\t\t\t\t\t<div class=\"e-con-inner\">\n\t\t<div class=\"elementor-element elementor-element-dd411f4 e-con-full e-flex sc_layouts_column_icons_position_left e-con e-child\" data-id=\"dd411f4\" data-element_type=\"container\" data-e-type=\"container\">\n\t\t\t\t<div class=\"elementor-element elementor-element-d33e374 elementor-widget__width-initial elementor-widget-mobile__width-inherit sc_fly_static elementor-widget elementor-widget-image\" data-id=\"d33e374\" data-element_type=\"widget\" data-e-type=\"widget\" data-widget_type=\"image.default\">\n\t\t\t\t<div class=\"elementor-widget-container\">\n\t\t\t\t\t\t\t\t\t\t\t\t\t\t\t<img fetchpriority=\"high\" decoding=\"async\" width=\"1024\" height=\"288\" src=\"https:\/\/parabolas-argumentos.com\/wp-content\/uploads\/2025\/08\/Parabolas-Logo-black-1024x288.webp\" class=\"attachment-large size-large wp-image-20308\" alt=\"\" srcset=\"https:\/\/parabolas-argumentos.com\/wp-content\/uploads\/2025\/08\/Parabolas-Logo-black-1024x288.webp 1024w, https:\/\/parabolas-argumentos.com\/wp-content\/uploads\/2025\/08\/Parabolas-Logo-black-300x84.webp 300w, https:\/\/parabolas-argumentos.com\/wp-content\/uploads\/2025\/08\/Parabolas-Logo-black-768x216.webp 768w, https:\/\/parabolas-argumentos.com\/wp-content\/uploads\/2025\/08\/Parabolas-Logo-black-1536x432.webp 1536w, https:\/\/parabolas-argumentos.com\/wp-content\/uploads\/2025\/08\/Parabolas-Logo-black-2048x575.webp 2048w, https:\/\/parabolas-argumentos.com\/wp-content\/uploads\/2025\/08\/Parabolas-Logo-black-370x104.webp 370w, https:\/\/parabolas-argumentos.com\/wp-content\/uploads\/2025\/08\/Parabolas-Logo-black-840x236.webp 840w, https:\/\/parabolas-argumentos.com\/wp-content\/uploads\/2025\/08\/Parabolas-Logo-black-410x115.webp 410w\" sizes=\"(max-width: 1024px) 100vw, 1024px\" title=\"\">\t\t\t\t\t\t\t\t\t\t\t\t\t\t\t<\/div>\n\t\t\t\t<\/div>\n\t\t\t\t<div class=\"elementor-element elementor-element-7d3b461 sc_fly_static elementor-widget elementor-widget-trx_sc_title\" data-id=\"7d3b461\" data-element_type=\"widget\" data-e-type=\"widget\" data-widget_type=\"trx_sc_title.default\">\n\t\t\t\t<div class=\"elementor-widget-container\">\n\t\t\t\t\t<div\t\tclass=\"sc_title sc_title_default\" ><h1 class=\"sc_item_title sc_title_title sc_align_center sc_item_title_style_default sc_item_title_tag trx_addons_inline_1650252395\"\n\t\t\t><span class=\"sc_item_title_text\">Une vision qui fa\u00e7onne les collections<\/span><\/h1><\/div>\t\t\t\t<\/div>\n\t\t\t\t<\/div>\n\t\t\t\t<div class=\"elementor-element elementor-element-7c928bc elementor-widget__width-initial elementor-widget-mobile__width-inherit sc_fly_static elementor-widget elementor-widget-text-editor\" data-id=\"7c928bc\" data-element_type=\"widget\" data-e-type=\"widget\" data-widget_type=\"text-editor.default\">\n\t\t\t\t<div class=\"elementor-widget-container\">\n\t\t\t\t\t\t\t\t\t<p data-start=\"1700\" data-end=\"1965\">Le conseil, c'est la diff\u00e9rence entre cr\u00e9er dans l'incertitude et cr\u00e9er dans la clart\u00e9. <br \/>Il fournit une feuille de route qui harmonise la vision, les ressources et l'ex\u00e9cution. Pour les marques qui souhaitent se d\u00e9velopper sur les march\u00e9s internationaux, il garantit la coh\u00e9rence, la qualit\u00e9 et la comp\u00e9titivit\u00e9.<\/p><p data-start=\"1967\" data-end=\"2182\">Chez Par\u00e1bolas &amp; Argumentos, le conseil ne consiste pas \u00e0 imposer des solutions, mais \u00e0 \u00e9tablir des partenariats qui permettent aux marques de faire de meilleurs choix, de r\u00e9duire les risques et de cr\u00e9er des collections qui se d\u00e9marquent par leur caract\u00e8re unique.<\/p>\t\t\t\t\t\t\t\t<\/div>\n\t\t\t\t<\/div>\n\t\t\t\t<\/div>\n\t\t\t\t\t<\/div>\n\t\t\t\t<\/div>\n\t\t<div class=\"elementor-element elementor-element-09f16b9 e-flex e-con-boxed sc_layouts_column_icons_position_left e-con e-parent\" data-id=\"09f16b9\" data-element_type=\"container\" data-e-type=\"container\" data-settings=\"{&quot;background_background&quot;:&quot;classic&quot;}\">\n\t\t\t\t\t<div class=\"e-con-inner\">\n\t\t\t\t<div class=\"elementor-element elementor-element-ba89325 elementor-widget-mobile__width-initial sc_fly_static elementor-widget elementor-widget-heading\" data-id=\"ba89325\" data-element_type=\"widget\" data-e-type=\"widget\" data-widget_type=\"heading.default\">\n\t\t\t\t<div class=\"elementor-widget-container\">\n\t\t\t\t\t<h2 class=\"elementor-heading-title elementor-size-default\">Une bonne conception commence par les bonnes d\u00e9cisions.<br> Le conseil rend cela possible.<\/h2>\t\t\t\t<\/div>\n\t\t\t\t<\/div>\n\t\t\t\t\t<\/div>\n\t\t\t\t<\/div>\n\t\t\t\t<\/div>","protected":false},"excerpt":{"rendered":"<p>Guiding fashion brands with knowledge, strategy and care. Page (post) title Textile Consulting Textile Consulting At Par\u00e1bolas &amp; Argumentos, consulting means more than advice \u2014 it is about supporting fashion&hellip;<\/p>","protected":false},"author":1,"featured_media":20335,"parent":0,"menu_order":0,"comment_status":"closed","ping_status":"closed","template":"","meta":{"footnotes":""},"class_list":["post-21032","page","type-page","status-publish","has-post-thumbnail","hentry"],"_links":{"self":[{"href":"https:\/\/parabolas-argumentos.com\/fr\/wp-json\/wp\/v2\/pages\/21032","targetHints":{"allow":["GET"]}}],"collection":[{"href":"https:\/\/parabolas-argumentos.com\/fr\/wp-json\/wp\/v2\/pages"}],"about":[{"href":"https:\/\/parabolas-argumentos.com\/fr\/wp-json\/wp\/v2\/types\/page"}],"author":[{"embeddable":true,"href":"https:\/\/parabolas-argumentos.com\/fr\/wp-json\/wp\/v2\/users\/1"}],"replies":[{"embeddable":true,"href":"https:\/\/parabolas-argumentos.com\/fr\/wp-json\/wp\/v2\/comments?post=21032"}],"version-history":[{"count":118,"href":"https:\/\/parabolas-argumentos.com\/fr\/wp-json\/wp\/v2\/pages\/21032\/revisions"}],"predecessor-version":[{"id":22032,"href":"https:\/\/parabolas-argumentos.com\/fr\/wp-json\/wp\/v2\/pages\/21032\/revisions\/22032"}],"wp:featuredmedia":[{"embeddable":true,"href":"https:\/\/parabolas-argumentos.com\/fr\/wp-json\/wp\/v2\/media\/20335"}],"wp:attachment":[{"href":"https:\/\/parabolas-argumentos.com\/fr\/wp-json\/wp\/v2\/media?parent=21032"}],"curies":[{"name":"wp","href":"https:\/\/api.w.org\/{rel}","templated":true}]}}