{"id":21846,"date":"2025-09-11T10:06:32","date_gmt":"2025-09-11T10:06:32","guid":{"rendered":"https:\/\/parabolas-argumentos.com\/?page_id=21846"},"modified":"2025-09-11T10:11:20","modified_gmt":"2025-09-11T10:11:20","slug":"terms-and-conditions","status":"publish","type":"page","link":"https:\/\/parabolas-argumentos.com\/fr\/terms-and-conditions\/","title":{"rendered":"Conditions g\u00e9n\u00e9rales"},"content":{"rendered":"<div data-elementor-type=\"wp-page\" data-elementor-id=\"21846\" class=\"elementor elementor-21846\" data-elementor-post-type=\"page\">\n\t\t\t\t<div class=\"e-con-with-custom-width elementor-element elementor-element-24a4594 e-flex e-con-boxed sc_layouts_column_icons_position_left e-con e-parent\" data-id=\"24a4594\" data-element_type=\"container\" data-e-type=\"container\">\n\t\t\t\t\t<div class=\"e-con-inner\">\n\t\t\t\t<div class=\"elementor-element elementor-element-e8c8d3c sc_fly_static elementor-widget elementor-widget-text-editor\" data-id=\"e8c8d3c\" data-element_type=\"widget\" data-e-type=\"widget\" data-widget_type=\"text-editor.default\">\n\t\t\t\t<div class=\"elementor-widget-container\">\n\t\t\t\t\t\t\t\t\t<h1 data-start=\"339\" data-end=\"363\">Conditions g\u00e9n\u00e9rales<\/h1><p data-start=\"365\" data-end=\"656\" class=\"translation-block\">Bienvenue sur le site web de <strong data-start=\"\u00ab\" data-end=\"\u00ab\">Par\u00e1bolas &amp; Argumentos Representa\u00e7\u00f5es Unipessoal Lda<\/strong> <a class=\"decorated-link\" href=\"\/fr\/\u00ab\/\" target=\"_new\" rel=\"noopener\" data-start=\"\u201c443\u201d\" data-end=\"\u00ab\">https:\/\/parabolas-argumentos.com<\/a>. En acc\u00e9dant \u00e0 ce site web et en l'utilisant, vous acceptez de vous conformer et d'\u00eatre li\u00e9 par les conditions g\u00e9n\u00e9rales suivantes. Veuillez les lire attentivement.<\/p><h4 data-start=\"663\" data-end=\"690\">1. Informations sur la soci\u00e9t\u00e9<\/h4><ul data-start=\"691\" data-end=\"993\"><li data-start=\"691\" data-end=\"760\"><p data-start=\"693\" data-end=\"760\" class=\"translation-block\"><strong data-start=\"\u00ab\" data-end=\"\u00ab\">Entreprise :<\/strong> Par\u00e1bolas &amp; Argumentos Representa\u00e7\u00f5es Unipessoal Lda<\/p><\/li><li data-start=\"761\" data-end=\"784\"><p data-start=\"763\" data-end=\"784\"><strong data-start=\"763\" data-end=\"772\">NIPC:<\/strong> 514132183<\/p><\/li><li data-start=\"785\" data-end=\"863\"><p data-start=\"787\" data-end=\"863\" class=\"translation-block\"><strong data-start=\"\u00ab\" data-end=\"\u00ab\">Adresse :<\/strong> Rua Jo\u00e3o Am\u00e2ndio, n\u00b0 23, 4740-200 Esposende, Braga, Portugal<\/p><\/li><li data-start=\"864\" data-end=\"946\"><p data-start=\"866\" data-end=\"946\" class=\"translation-block\"><strong data-start=\"\u00ab\" data-end=\"\u00ab\">T\u00e9l\u00e9phone :<\/strong> (+351) 916 116 221 <small>(appel vers le r\u00e9seau mobile national)<\/small><\/p><\/li><li data-start=\"947\" data-end=\"993\"><p data-start=\"949\" data-end=\"993\" class=\"translation-block\"><strong data-start=\"\u00ab\" data-end=\"\u00ab\">E-mail :<\/strong> <a class=\"decorated-link cursor-pointer\" rel=\"noopener\" data-start=\"\u201c960\u201d\" data-end=\"\u00ab\" target=\"_self\">angela@parabolas-argumentos.com<\/a><\/p><\/li><\/ul><h4 data-start=\"1000\" data-end=\"1020\">2. Champ d'application<\/h4><p data-start=\"1021\" data-end=\"1272\" class=\"translation-block\">Ce site Web fournit des informations sur les produits textiles et les services connexes.<br data-start=\"\u00ab\" data-end=\"\u00ab\">Les utilisateurs s'engagent \u00e0 ne pas utiliser le site Web de mani\u00e8re abusive, notamment en tentant d'y acc\u00e9der sans autorisation, en diffusant des logiciels malveillants ou en se livrant \u00e0 des activit\u00e9s frauduleuses.<\/p><h4 data-start=\"1279\" data-end=\"1308\">3. Propri\u00e9t\u00e9 intellectuelle<\/h4><p data-start=\"1309\" data-end=\"1567\" class=\"translation-block\">Tout le contenu, les designs, les images, les logos et les textes de ce site web sont la propri\u00e9t\u00e9 de <strong data-start=\"\u00ab\" data-end=\"\u00ab\">Par\u00e1bolas &amp; Argumentos Representa\u00e7\u00f5es Unipessoal Lda<\/strong>, sauf indication contraire. <br data-start=\"\u00ab\" data-end=\"\u00ab\">Toute reproduction, distribution ou modification sans autorisation \u00e9crite pr\u00e9alable est interdite.<\/p><h4 data-start=\"1574\" data-end=\"1603\">4. Produits et services<\/h4><ul data-start=\"1604\" data-end=\"1838\"><li data-start=\"1604\" data-end=\"1750\"><p data-start=\"1606\" data-end=\"1750\">Les informations relatives aux produits textiles sont fournies \u00e0 titre indicatif uniquement et peuvent \u00eatre mises \u00e0 jour ou modifi\u00e9es \u00e0 tout moment sans pr\u00e9avis.<\/p><\/li><li data-start=\"1751\" data-end=\"1838\"><p data-start=\"1753\" data-end=\"1838\">Les prix, la disponibilit\u00e9 et les d\u00e9tails des produits sont sujets \u00e0 confirmation et peuvent varier.<\/p><\/li><\/ul><h4 data-start=\"1845\" data-end=\"1862\">5. Responsabilit\u00e9<\/h4><ul data-start=\"1863\" data-end=\"2092\"><li data-start=\"1863\" data-end=\"1996\"><p data-start=\"1865\" data-end=\"1996\">Nous nous effor\u00e7ons d'assurer l'exactitude des informations, mais nous ne pouvons garantir que tout le contenu est exempt d'erreurs, complet ou \u00e0 jour.<\/p><\/li><li data-start=\"1997\" data-end=\"2092\"><p data-start=\"1999\" data-end=\"2092\">Nous ne sommes pas responsables des dommages r\u00e9sultant de l'utilisation ou de l'impossibilit\u00e9 d'utiliser ce site Web.<\/p><\/li><\/ul><h4 data-start=\"2099\" data-end=\"2134\">6. Protection des donn\u00e9es et confidentialit\u00e9<\/h4><p data-start=\"2135\" data-end=\"2360\" class=\"translation-block\">Nous traitons les donn\u00e9es personnelles conform\u00e9ment au <strong data-start=\"\u00ab\" data-end=\"\u00ab\">R\u00e8glement g\u00e9n\u00e9ral sur la protection des donn\u00e9es (RGPD)<\/strong> et \u00e0 la l\u00e9gislation portugaise.<br data-start=\"\u201c2248\u201d\" data-end=\"\u00ab\">Pour plus d'informations, veuillez consulter notre <a class=\"decorated-link\" href=\"\/fr\/\u00ab\/\" target=\"_new\" rel=\"noopener\" data-start=\"\u201c2292\u201d\" data-end=\"\u00ab\">Politique de confidentialit\u00e9<\/a>.<\/p><h4 data-start=\"2367\" data-end=\"2389\">7. Liens externes<\/h4><p data-start=\"2390\" data-end=\"2588\" class=\"translation-block\">Ce site Web peut contenir des liens vers des sites Web tiers. <strong data-start=\"\u00ab\" data-end=\"\u00ab\">Par\u00e1bolas &amp; Argumentos Representa\u00e7\u00f5es Unipessoal Lda<\/strong> n'est pas responsable du contenu, de l'exactitude ou des pratiques de ces sites externes.<\/p><h4 data-start=\"2595\" data-end=\"2633\">8. Droit applicable et juridiction comp\u00e9tente<\/h4><p data-start=\"2634\" data-end=\"2830\" class=\"translation-block\">Les pr\u00e9sentes conditions g\u00e9n\u00e9rales sont r\u00e9gies par le droit portugais.<br data-start=\"\u00ab\" data-end=\"\u00ab\">Tout litige li\u00e9 au pr\u00e9sent site web sera soumis \u00e0 la comp\u00e9tence exclusive des tribunaux de Braga, au Portugal.<\/p><h4 data-start=\"2837\" data-end=\"2876\">9. Modifications des conditions g\u00e9n\u00e9rales<\/h4><p data-start=\"2877\" data-end=\"3021\">Nous nous r\u00e9servons le droit de mettre \u00e0 jour ou de modifier les pr\u00e9sentes conditions g\u00e9n\u00e9rales \u00e0 tout moment. Les modifications seront publi\u00e9es sur cette page et prendront effet imm\u00e9diatement.<\/p><p data-start=\"3028\" data-end=\"3065\" class=\"translation-block\"><strong data-start=\"\u00ab\" data-end=\"\u00ab\">Derni\u00e8re mise \u00e0 jour :<\/strong> septembre 2025<\/p>\t\t\t\t\t\t\t\t<\/div>\n\t\t\t\t<\/div>\n\t\t\t\t\t<\/div>\n\t\t\t\t<\/div>\n\t\t\t\t<\/div>","protected":false},"excerpt":{"rendered":"<p>Terms and Conditions Welcome to Par\u00e1bolas &amp; Argumentos Representa\u00e7\u00f5es Unipessoal Lda\u2019s website https:\/\/parabolas-argumentos.com. By accessing and using this website, you agree to comply with and be bound by the following&hellip;<\/p>","protected":false},"author":1,"featured_media":0,"parent":0,"menu_order":0,"comment_status":"closed","ping_status":"closed","template":"","meta":{"footnotes":""},"class_list":["post-21846","page","type-page","status-publish","hentry"],"_links":{"self":[{"href":"https:\/\/parabolas-argumentos.com\/fr\/wp-json\/wp\/v2\/pages\/21846","targetHints":{"allow":["GET"]}}],"collection":[{"href":"https:\/\/parabolas-argumentos.com\/fr\/wp-json\/wp\/v2\/pages"}],"about":[{"href":"https:\/\/parabolas-argumentos.com\/fr\/wp-json\/wp\/v2\/types\/page"}],"author":[{"embeddable":true,"href":"https:\/\/parabolas-argumentos.com\/fr\/wp-json\/wp\/v2\/users\/1"}],"replies":[{"embeddable":true,"href":"https:\/\/parabolas-argumentos.com\/fr\/wp-json\/wp\/v2\/comments?post=21846"}],"version-history":[{"count":7,"href":"https:\/\/parabolas-argumentos.com\/fr\/wp-json\/wp\/v2\/pages\/21846\/revisions"}],"predecessor-version":[{"id":21871,"href":"https:\/\/parabolas-argumentos.com\/fr\/wp-json\/wp\/v2\/pages\/21846\/revisions\/21871"}],"wp:attachment":[{"href":"https:\/\/parabolas-argumentos.com\/fr\/wp-json\/wp\/v2\/media?parent=21846"}],"curies":[{"name":"wp","href":"https:\/\/api.w.org\/{rel}","templated":true}]}}